{"id":572,"date":"2022-09-28T18:47:01","date_gmt":"2022-09-28T16:47:01","guid":{"rendered":"http:\/\/ise.endocytobiology.org\/?page_id=572"},"modified":"2022-09-29T22:11:10","modified_gmt":"2022-09-29T20:11:10","slug":"home","status":"publish","type":"page","link":"http:\/\/ise.endocytobiology.org\/de\/home\/","title":{"rendered":"Home"},"content":{"rendered":"\n<div class=\"wp-block-group alignwide\"><div class=\"wp-block-group__inner-container is-layout-flow wp-block-group-is-layout-flow\">\n<p class=\"has-medium-font-size\">ISE, the International Society of Endocytobiology e.V. aims to promote research into endocytobiology, general (endo)symbiosis, and their interactions and processes. The Society promotes these aims with colloquia, prizes and the issue of the publication Endocytobiosis and Cell Research.<\/p>\n<\/div><\/div>\n\n\n\n<p style=\"font-size:24px;font-style:normal;font-weight:600\">Upcomming ISE Conference 2023<\/p>\n\n\n\n<p><\/p>\n\n\n\n<p><\/p>\n\n\n\n<div class=\"wp-block-media-text alignwide is-stacked-on-mobile\"><figure class=\"wp-block-media-text__media\"><img loading=\"lazy\" decoding=\"async\" width=\"700\" height=\"467\" src=\"http:\/\/ise.endocytobiology.org\/wp-content\/uploads\/2022\/09\/Field_Museum_of_Natural_History-low-res-1536x1024-1-700x467.jpg\" alt=\"\" class=\"wp-image-630 size-full\" srcset=\"http:\/\/ise.endocytobiology.org\/wp-content\/uploads\/2022\/09\/Field_Museum_of_Natural_History-low-res-1536x1024-1-700x467.jpg 700w, http:\/\/ise.endocytobiology.org\/wp-content\/uploads\/2022\/09\/Field_Museum_of_Natural_History-low-res-1536x1024-1-250x167.jpg 250w, http:\/\/ise.endocytobiology.org\/wp-content\/uploads\/2022\/09\/Field_Museum_of_Natural_History-low-res-1536x1024-1-768x512.jpg 768w, http:\/\/ise.endocytobiology.org\/wp-content\/uploads\/2022\/09\/Field_Museum_of_Natural_History-low-res-1536x1024-1-120x80.jpg 120w, http:\/\/ise.endocytobiology.org\/wp-content\/uploads\/2022\/09\/Field_Museum_of_Natural_History-low-res-1536x1024-1.jpg 1536w\" sizes=\"auto, (max-width: 700px) 100vw, 700px\" \/><\/figure><div class=\"wp-block-media-text__content\">\n<p class=\"has-medium-font-size\">ISE Konference 2023 Chicago, IL, USA<\/p>\n\n\n\n<p>@ Fields Museum &#8211; Bioinformatics Unit<\/p>\n\n\n\n<p>organized by Felix Grewe et. al.<\/p>\n\n\n\n<div class=\"wp-block-buttons alignwide is-layout-flex wp-block-buttons-is-layout-flex\">\n<div class=\"wp-block-button has-custom-font-size is-style-outline has-small-font-size is-style-outline--1\"><a class=\"wp-block-button__link\" style=\"border-radius:10px\">&#8230;stay tuned for more <\/a><\/div>\n<\/div>\n<\/div><\/div>\n\n\n\n<p>    <\/p>\n\n\n\n<p class=\"has-medium-font-size\" style=\"font-style:normal;font-weight:600\">Our latest Meetings<\/p>\n\n\n\n<div class=\"wp-block-media-text alignwide has-media-on-the-right is-stacked-on-mobile is-image-fill\"><figure class=\"wp-block-media-text__media\" style=\"background-image:url(http:\/\/ise.endocytobiology.org\/wp-content\/uploads\/2022\/09\/admin-ajax.php_.jpeg);background-position:50% 50%\"><img loading=\"lazy\" decoding=\"async\" width=\"400\" height=\"300\" src=\"http:\/\/ise.endocytobiology.org\/wp-content\/uploads\/2022\/09\/admin-ajax.php_.jpeg\" alt=\"\" class=\"wp-image-622 size-full\" srcset=\"http:\/\/ise.endocytobiology.org\/wp-content\/uploads\/2022\/09\/admin-ajax.php_.jpeg 400w, http:\/\/ise.endocytobiology.org\/wp-content\/uploads\/2022\/09\/admin-ajax.php_-250x188.jpeg 250w, http:\/\/ise.endocytobiology.org\/wp-content\/uploads\/2022\/09\/admin-ajax.php_-120x90.jpeg 120w\" sizes=\"auto, (max-width: 400px) 100vw, 400px\" \/><\/figure><div class=\"wp-block-media-text__content\">\n<p class=\"has-medium-font-size\">ISE Meeting 2021 Kaiserslautern, DE<\/p>\n\n\n\n<p>@ Molecular Biotechnology + Systems Biology<\/p>\n\n\n\n<p>TU Kaiserslautern  <\/p>\n\n\n\n<p>organized by M. Schroda and F. Willmund <\/p>\n<\/div><\/div>\n\n\n\n<div class=\"wp-block-buttons is-layout-flex wp-block-buttons-is-layout-flex\">\n<div class=\"wp-block-button has-custom-width wp-block-button__width-25 has-custom-font-size is-style-outline has-small-font-size is-style-outline--2\"><a class=\"wp-block-button__link\" style=\"border-radius:10px\">Read more<\/a><\/div>\n<\/div>\n\n\n\n<p>     <\/p>\n\n\n\n<p> .<\/p>\n\n\n\n<p><\/p>\n\n\n\n<div class=\"wp-block-media-text alignwide is-stacked-on-mobile is-vertically-aligned-center is-image-fill\"><figure class=\"wp-block-media-text__media\" style=\"background-image:url(http:\/\/ise.endocytobiology.org\/wp-content\/uploads\/2022\/08\/ISE22_Budweis-CZ-group_picture_700_400.png);background-position:50% 52%\"><img loading=\"lazy\" decoding=\"async\" width=\"700\" height=\"400\" src=\"http:\/\/ise.endocytobiology.org\/wp-content\/uploads\/2022\/08\/ISE22_Budweis-CZ-group_picture_700_400.png\" alt=\"\" class=\"wp-image-554 size-full\" srcset=\"http:\/\/ise.endocytobiology.org\/wp-content\/uploads\/2022\/08\/ISE22_Budweis-CZ-group_picture_700_400.png 700w, http:\/\/ise.endocytobiology.org\/wp-content\/uploads\/2022\/08\/ISE22_Budweis-CZ-group_picture_700_400-250x143.png 250w, http:\/\/ise.endocytobiology.org\/wp-content\/uploads\/2022\/08\/ISE22_Budweis-CZ-group_picture_700_400-120x69.png 120w\" sizes=\"auto, (max-width: 700px) 100vw, 700px\" \/><\/figure><div class=\"wp-block-media-text__content\">\n<p class=\"has-medium-font-size\">ISE Meeting 2022 \u010ces. Bud\u011bjovice, CZ<\/p>\n\n\n\n<p>@ Institute of Parasitology &#8211; Biology Center<\/p>\n\n\n\n<p>South Bohemian University, \u010cesk\u00e9 Bud\u011bjovice<\/p>\n\n\n\n<p>organised by Ansgar Gruber et. al.<\/p>\n<\/div><\/div>\n\n\n\n<div class=\"wp-block-buttons is-content-justification-right is-layout-flex wp-container-core-buttons-is-layout-765c4724 wp-block-buttons-is-layout-flex\">\n<div class=\"wp-block-button alignright has-custom-width wp-block-button__width-25 has-custom-font-size is-style-outline has-small-font-size is-style-outline--3\"><a class=\"wp-block-button__link\" style=\"border-radius:10px\">Read more<\/a><\/div>\n<\/div>\n","protected":false},"excerpt":{"rendered":"<p>ISE, the International Society of Endocytobiology e.V. aims to promote research into endocytobiology, general (endo)symbiosis, and their interactions and processes. The Society promotes these aims with colloquia, prizes and the issue of the publication Endocytobiosis and Cell Research. Upcomming ISE Conference 2023 Our latest Meetings ISE Meeting 2021 Kaiserslautern, DE @ Molecular Biotechnology + Systems [&hellip;]<\/p>\n","protected":false},"author":4,"featured_media":0,"parent":0,"menu_order":0,"comment_status":"closed","ping_status":"closed","template":"","meta":{"_acf_changed":false,"footnotes":""},"class_list":["post-572","page","type-page","status-publish","hentry"],"acf":[],"_links":{"self":[{"href":"http:\/\/ise.endocytobiology.org\/de\/wp-json\/wp\/v2\/pages\/572","targetHints":{"allow":["GET"]}}],"collection":[{"href":"http:\/\/ise.endocytobiology.org\/de\/wp-json\/wp\/v2\/pages"}],"about":[{"href":"http:\/\/ise.endocytobiology.org\/de\/wp-json\/wp\/v2\/types\/page"}],"author":[{"embeddable":true,"href":"http:\/\/ise.endocytobiology.org\/de\/wp-json\/wp\/v2\/users\/4"}],"replies":[{"embeddable":true,"href":"http:\/\/ise.endocytobiology.org\/de\/wp-json\/wp\/v2\/comments?post=572"}],"version-history":[{"count":28,"href":"http:\/\/ise.endocytobiology.org\/de\/wp-json\/wp\/v2\/pages\/572\/revisions"}],"predecessor-version":[{"id":659,"href":"http:\/\/ise.endocytobiology.org\/de\/wp-json\/wp\/v2\/pages\/572\/revisions\/659"}],"wp:attachment":[{"href":"http:\/\/ise.endocytobiology.org\/de\/wp-json\/wp\/v2\/media?parent=572"}],"curies":[{"name":"wp","href":"https:\/\/api.w.org\/{rel}","templated":true}]}}