{"id":47,"date":"2019-07-29T18:39:31","date_gmt":"2019-07-29T17:39:31","guid":{"rendered":"http:\/\/ise.endocytobiology.org\/?page_id=47"},"modified":"2022-03-07T13:25:33","modified_gmt":"2022-03-07T12:25:33","slug":"workshops","status":"publish","type":"page","link":"http:\/\/ise.endocytobiology.org\/de\/workshops\/","title":{"rendered":"Workshops"},"content":{"rendered":"<p>Workshops der Deutschen Gesellschaft f\u00fcr Endocytobiologie finden in Jahren statt, in denen es keine internationale Konferenz gibt. Veranstaltungsorte waren u.a. St\u00e4dte wie Blaubeuren, Kohren-Salis, Bremerhaven, Marburg, M\u00fcnchen u. Berlin.<\/p>\n<p><span style=\"color: #0000ff;\"><strong>XIX. Jahrestagung der Deutschen Sektion der Internationalen Gesellschaft f\u00fcr Endocytobiologie<\/strong><\/span><br \/>\nBremerhaven, 2018<\/p>\n<p><strong><span style=\"color: #0000ff;\">XVIII. Jahrestagung der Deutschen Sektion der Internationalen Gesellschaft f\u00fcr Endocytobiologie<\/span><\/strong><br \/>\nKonstanz, 2017<\/p>\n<p><strong><span style=\"color: #0000ff;\">XVII. Jahrestagung der Deutschen Sektion der Internationalen Gesellschaft f\u00fcr Endocytobiologie<\/span><\/strong><br \/>\nBerlin, 2015<\/p>\n<p><strong><span style=\"color: #0000ff;\">XVI. Jahrestagung der Deutschen Sektion der Internationalen Gesellschaft f\u00fcr Endocytobiologie<\/span><\/strong><br \/>\nHerzogenhorn, 2014<\/p>\n<p><strong><span style=\"color: #0000ff;\">XV. Jahrestagung der Deutschen Sektion der Internationalen Gesellschaft f\u00fcr Endocytobiologie<\/span><\/strong><br \/>\nM\u00fcnchen, 2012<\/p>\n<p><span style=\"color: #0000ff;\"><strong>XIV. Jahrestagung der Deutschen Sektion der Internationalen Gesellschaft f\u00fcr Endocytobiologie<\/strong><\/span><br \/>\nD\u00fcsseldorf, 2011<\/p>\n<p><strong><span style=\"color: #0000ff;\">XIII. Jahrestagung der Deutschen Sektion der Internationalen Gesellschaft f\u00fcr Endocytobiologie<\/span><\/strong><br \/>\nBerlin, 2009<\/p>\n<p><strong><span style=\"color: #0000ff;\">XII. Jahrestagung der Deutschen Sektion der Internationalen Gesellschaft f\u00fcr Endocytobiologie<\/span><\/strong><br \/>\nM\u00fcnchen, 2008<\/p>\n<p><strong><span style=\"color: #0000ff;\">XI. Jahrestagung der Deutschen Sektion der Internationalen Gesellschaft f\u00fcr Endocytobiologie<\/span><\/strong><br \/>\nMarburg, 2006<\/p>\n<p><strong><span style=\"color: #0000ff;\">X. Jahrestagung der Deutschen Sektion der Internationalen Gesellschaft f\u00fcr Endocytobiologie<\/span><\/strong><br \/>\nBremerhaven, 2005<\/p>\n<p><strong><span style=\"color: #0000ff;\">IX. Jahrestagung der Deutschen Sektion der Internationalen Gesellschaft f\u00fcr Endocytobiologie<\/span><\/strong><br \/>\nBlaubeuren, 2003<\/p>\n<p><strong><span style=\"color: #0000ff;\">VIII. Jahrestagung der Deutschen Sektion der Internationalen Gesellschaft f\u00fcr Endocytobiologie<\/span><\/strong><br \/>\nBlaubeuren, 2002<\/p>\n<p><strong><span style=\"color: #0000ff;\">VII. Jahrestagung der Deutschen Sektion der Internationalen Gesellschaft f\u00fcr Endocytobiologie<\/span><\/strong><br \/>\nKohren-Salis, 2000<\/p>\n<p><strong><span style=\"color: #0000ff;\">VI. Jahrestagung der Deutschen Sektion der Internationalen Gesellschaft f\u00fcr Endocytobiologie<\/span><\/strong><br \/>\nGoslar, 1999<\/p>\n<p><strong><span style=\"color: #0000ff;\">V. Jahrestagung der Deutschen Sektion der Internationalen Gesellschaft f\u00fcr Endocytobiologie<\/span><\/strong><br \/>\nTodtmoos, 1997<\/p>\n<p><strong><span style=\"color: #0000ff;\">IV. Jahrestagung der Deutschen Sektion der Internationalen Gesellschaft f\u00fcr Endocytobiologie<\/span><\/strong><br \/>\nBlaubeuren, 1996<\/p>\n<p><strong><span style=\"color: #0000ff;\">III. Jahrestagung der Deutschen Sektion der Internationalen Gesellschaft f\u00fcr Endocytobiologie<\/span><\/strong><br \/>\nBlaubeuren, 1994<\/p>\n<p><strong><span style=\"color: #0000ff;\">II. Jahrestagung der Deutschen Sektion der Internationalen Gesellschaft f\u00fcr Endocytobiologie<\/span><\/strong><\/p>\n<p><strong><span style=\"color: #0000ff;\">I. Jahrestagung der Deutschen Sektion der Internationalen Gesellschaft f\u00fcr Endocytobiologie<\/span><\/strong><\/p>\n","protected":false},"excerpt":{"rendered":"<p>Workshops der Deutschen Gesellschaft f\u00fcr Endocytobiologie finden in Jahren statt, in denen es keine internationale Konferenz gibt. Veranstaltungsorte waren u.a. St\u00e4dte wie Blaubeuren, Kohren-Salis, Bremerhaven, Marburg, M\u00fcnchen u. Berlin. XIX. Jahrestagung der Deutschen Sektion der Internationalen Gesellschaft f\u00fcr Endocytobiologie Bremerhaven, 2018 XVIII. Jahrestagung der Deutschen Sektion der Internationalen Gesellschaft f\u00fcr Endocytobiologie Konstanz, 2017 XVII. Jahrestagung [&hellip;]<\/p>\n","protected":false},"author":1,"featured_media":0,"parent":0,"menu_order":0,"comment_status":"closed","ping_status":"closed","template":"","meta":{"_acf_changed":false,"footnotes":""},"class_list":["post-47","page","type-page","status-publish","hentry"],"acf":[],"_links":{"self":[{"href":"http:\/\/ise.endocytobiology.org\/de\/wp-json\/wp\/v2\/pages\/47","targetHints":{"allow":["GET"]}}],"collection":[{"href":"http:\/\/ise.endocytobiology.org\/de\/wp-json\/wp\/v2\/pages"}],"about":[{"href":"http:\/\/ise.endocytobiology.org\/de\/wp-json\/wp\/v2\/types\/page"}],"author":[{"embeddable":true,"href":"http:\/\/ise.endocytobiology.org\/de\/wp-json\/wp\/v2\/users\/1"}],"replies":[{"embeddable":true,"href":"http:\/\/ise.endocytobiology.org\/de\/wp-json\/wp\/v2\/comments?post=47"}],"version-history":[{"count":11,"href":"http:\/\/ise.endocytobiology.org\/de\/wp-json\/wp\/v2\/pages\/47\/revisions"}],"predecessor-version":[{"id":534,"href":"http:\/\/ise.endocytobiology.org\/de\/wp-json\/wp\/v2\/pages\/47\/revisions\/534"}],"wp:attachment":[{"href":"http:\/\/ise.endocytobiology.org\/de\/wp-json\/wp\/v2\/media?parent=47"}],"curies":[{"name":"wp","href":"https:\/\/api.w.org\/{rel}","templated":true}]}}