{"id":15,"date":"2019-07-29T18:32:18","date_gmt":"2019-07-29T17:32:18","guid":{"rendered":"http:\/\/ise.endocytobiology.org\/?page_id=15"},"modified":"2022-08-16T15:08:26","modified_gmt":"2022-08-16T13:08:26","slug":"membership","status":"publish","type":"page","link":"http:\/\/ise.endocytobiology.org\/de\/about\/membership\/","title":{"rendered":"Mitgliedschaft"},"content":{"rendered":"<p>Wenn Sie die ISE unterst\u00fctzen wollen, treten Sie uns bei. Bitte laden Die den Mitgliedschaftsantrag runter <a href=\"http:\/\/ise.endocytobiology.org\/wp-content\/uploads\/2019\/11\/ISE-Membership-Application-Form.pdf\"> (ISE Membership Application Form<\/a>), f\u00fcllen ihn vollst\u00e4ndig aus und schicken das elektronisch unterzeichnete Formular an die Sekret\u00e4rin der ISE PD Dr. A. Bohne (<a href=\"mailto:Alexandra.bohne@lmu.de\"><u><a href=\"mailto:secretary@endocytobiologie.de\">secretary@endocytobiologie.de<\/a><\/u><\/a>). Falls Sie nicht elektronisch unterzeichnen, schicken Sie das handschriftlich unterzeichnete Formular auf dem Postweg an:<\/p>\n<p>&nbsp;<\/p>\n<p style=\"padding-left: 40px;\">PD Dr. Alexandra-Viola Bohne<\/p>\n<p style=\"padding-left: 40px;\">Biocenter Ludwig-Maximilians-University Munich<\/p>\n<p style=\"padding-left: 40px;\">Molecular Plant Science (AG Nickelsen)<\/p>\n<p style=\"padding-left: 40px;\">Grosshaderner Str. 2-4<\/p>\n<p style=\"padding-left: 40px;\">82152 Planegg-Martinsried, Germany<\/p>\n","protected":false},"excerpt":{"rendered":"<p>Wenn Sie die ISE unterst\u00fctzen wollen, treten Sie uns bei. Bitte laden Die den Mitgliedschaftsantrag runter (ISE Membership Application Form), f\u00fcllen ihn vollst\u00e4ndig aus und schicken das elektronisch unterzeichnete Formular an die Sekret\u00e4rin der ISE PD Dr. A. Bohne (secretary@endocytobiologie.de). Falls Sie nicht elektronisch unterzeichnen, schicken Sie das handschriftlich unterzeichnete Formular auf dem Postweg an: [&hellip;]<\/p>\n","protected":false},"author":1,"featured_media":0,"parent":7,"menu_order":0,"comment_status":"closed","ping_status":"closed","template":"","meta":{"_acf_changed":false,"footnotes":""},"class_list":["post-15","page","type-page","status-publish","hentry"],"acf":[],"_links":{"self":[{"href":"http:\/\/ise.endocytobiology.org\/de\/wp-json\/wp\/v2\/pages\/15","targetHints":{"allow":["GET"]}}],"collection":[{"href":"http:\/\/ise.endocytobiology.org\/de\/wp-json\/wp\/v2\/pages"}],"about":[{"href":"http:\/\/ise.endocytobiology.org\/de\/wp-json\/wp\/v2\/types\/page"}],"author":[{"embeddable":true,"href":"http:\/\/ise.endocytobiology.org\/de\/wp-json\/wp\/v2\/users\/1"}],"replies":[{"embeddable":true,"href":"http:\/\/ise.endocytobiology.org\/de\/wp-json\/wp\/v2\/comments?post=15"}],"version-history":[{"count":15,"href":"http:\/\/ise.endocytobiology.org\/de\/wp-json\/wp\/v2\/pages\/15\/revisions"}],"predecessor-version":[{"id":550,"href":"http:\/\/ise.endocytobiology.org\/de\/wp-json\/wp\/v2\/pages\/15\/revisions\/550"}],"up":[{"embeddable":true,"href":"http:\/\/ise.endocytobiology.org\/de\/wp-json\/wp\/v2\/pages\/7"}],"wp:attachment":[{"href":"http:\/\/ise.endocytobiology.org\/de\/wp-json\/wp\/v2\/media?parent=15"}],"curies":[{"name":"wp","href":"https:\/\/api.w.org\/{rel}","templated":true}]}}