{"id":13,"date":"2019-07-29T18:31:56","date_gmt":"2019-07-29T17:31:56","guid":{"rendered":"http:\/\/ise.endocytobiology.org\/?page_id=13"},"modified":"2020-04-15T08:39:27","modified_gmt":"2020-04-15T06:39:27","slug":"executive-board","status":"publish","type":"page","link":"http:\/\/ise.endocytobiology.org\/de\/about\/executive-board\/","title":{"rendered":"Vorstand"},"content":{"rendered":"<h4><span style=\"color: #339966;\">Pr\u00e4sident<\/span><\/h4>\n<p>Prof. Dr. Peter Kroth<br \/>\nUniversity of Konstanz<br \/>\nUniversit\u00e4tsstr. 10<br \/>\n78457 Konstanz, Germany<br \/>\nPhone: (+49) 7531 88 4816<br \/>\nE-Mail: <a href=\"mailto:president@endocytobiologie.de\">president@endocytobiologie.de<\/a><\/p>\n<p>&nbsp;<\/p>\n<p>&nbsp;<\/p>\n<h4><span style=\"color: #339966;\">Erster Vizepr\u00e4sident<\/span><\/h4>\n<p>Prof. Dr. Steven Ball<br \/>\nUnit\u00e9 de Glycobiologie Structurale et Fonctionnelle<br \/>\nUMR8576 CNRS<br \/>\nUniversit\u00e9 des Sciences et Technologies de Lille<br \/>\n59655 Villeneuve d&#8217;Ascq Cedex, France<br \/>\nE-Mail: steven.ball@univ-lille1.fr<\/p>\n<p>&nbsp;<\/p>\n<h4><span style=\"color: #339966;\">Zweiter Vizepr\u00e4sident<\/span><\/h4>\n<p>Prof. Dr. Junichi Obokata<br \/>\nGraduate School of Life and Environmental Sciences<br \/>\nKyoto Prefecture University<br \/>\n1-5 Hangi-cho, Shimogamo, Sakyo-ku<br \/>\nKyoto, 606-8522, Japan<br \/>\nE-Mail: Obokata@kpu.ac.jp<\/p>\n<p>&nbsp;<\/p>\n<h4><span style=\"color: #339966;\">Schriftf\u00fchrerin<\/span><\/h4>\n<p>PD Dr. Alexandra-Viola Bohne<br \/>\nBiocenter Ludwig-Maximilians-University Munich, Molecular Plant Science<br \/>\nGrosshaderner Str. 2-4<br \/>\n82152 Planegg-Martinsried, Germany<br \/>\nPhone: (+49) 89 2180 747 74<br \/>\nE-Mail: <u><\/u><a href=\"mailto:secretary@endocytobiologie.de\">secretary@endocytobiologie.de<\/a><\/p>\n<p>&nbsp;<\/p>\n<p>&nbsp;<\/p>\n<h4><span style=\"color: #339966;\">Schatzmeister<\/span><\/h4>\n<p>Dr. Norbert M\u00fcller<br \/>\nUniversity of T\u00fcbingen<br \/>\nBotanical Institute<br \/>\nAuf der Morgenstelle 1<br \/>\n72076 T\u00fcbingen, Germany<br \/>\nPhone: (+49) 7071 29 75368<br \/>\nE-Mail: <a href=\"mailto:treasurer@endocytobiologie.de\">treasurer@endocytobiologie.de<\/a><\/p>\n<p>&nbsp;<\/p>\n<h4><span style=\"color: #339966;\">Erweiterter Vorstand<br \/>\n<\/span><\/h4>\n<p>Prof. Dr. J\u00f6rg Nickelsen<br \/>\nBiocenter Ludwig-Maximilians-University Munich<br \/>\nMolecular Plant Science<br \/>\nGrosshaderner Str. 2-4<br \/>\n82152 Planegg-Martinsried, Germany<br \/>\nPhone: (+49) 89 2180 747 73<br \/>\nE-Mail: joerg.nickelsen@lrz.uni-muenchen.de<\/p>\n<p>Prof. Dr. Ralf Oelm\u00fcller<br \/>\nFriedrich-Schiller-University Jena<br \/>\nMatthias-Schleiden-Institute<br \/>\nDepartment for Plant Physiology<br \/>\nDornburger Str. 159<br \/>\n07743 Jena, Germany<br \/>\nPhone: (+49) 3641 949230<br \/>\nE-Mail: b7oera@uni-jena.de<\/p>\n<p>Dr. Stephan Greiner<br \/>\nMax-Planck-Institute for Plant Physiology, Cytoplasmic and Evolutionary Genetics<br \/>\nAm M\u00fchlenberg 1<br \/>\n14476 Potsdam, Germany<br \/>\nPhone: (+49) 331 567 8349<br \/>\nE-Mail: greiner@mpimp-golm.mpg.de<\/p>\n<p>Prof. Dr. Danja Sch\u00fcnemann<br \/>\nRuhr-University Bochum<br \/>\nMolecular Biology of Plant Organelles<br \/>\nUniversit\u00e4tsstr. 150<br \/>\n44780 Bochum, Germany<br \/>\nPhone: (+49) 234 32 24293<br \/>\nE-Mail: danja.schuenemann@rub.de<\/p>\n","protected":false},"excerpt":{"rendered":"<p>Pr\u00e4sident Prof. Dr. Peter Kroth University of Konstanz Universit\u00e4tsstr. 10 78457 Konstanz, Germany Phone: (+49) 7531 88 4816 E-Mail: president@endocytobiologie.de &nbsp; &nbsp; Erster Vizepr\u00e4sident Prof. Dr. Steven Ball Unit\u00e9 de Glycobiologie Structurale et Fonctionnelle UMR8576 CNRS Universit\u00e9 des Sciences et Technologies de Lille 59655 Villeneuve d&#8217;Ascq Cedex, France E-Mail: steven.ball@univ-lille1.fr &nbsp; Zweiter Vizepr\u00e4sident Prof. Dr. [&hellip;]<\/p>\n","protected":false},"author":1,"featured_media":0,"parent":7,"menu_order":0,"comment_status":"closed","ping_status":"closed","template":"","meta":{"_acf_changed":false,"footnotes":""},"class_list":["post-13","page","type-page","status-publish","hentry"],"acf":[],"_links":{"self":[{"href":"http:\/\/ise.endocytobiology.org\/de\/wp-json\/wp\/v2\/pages\/13","targetHints":{"allow":["GET"]}}],"collection":[{"href":"http:\/\/ise.endocytobiology.org\/de\/wp-json\/wp\/v2\/pages"}],"about":[{"href":"http:\/\/ise.endocytobiology.org\/de\/wp-json\/wp\/v2\/types\/page"}],"author":[{"embeddable":true,"href":"http:\/\/ise.endocytobiology.org\/de\/wp-json\/wp\/v2\/users\/1"}],"replies":[{"embeddable":true,"href":"http:\/\/ise.endocytobiology.org\/de\/wp-json\/wp\/v2\/comments?post=13"}],"version-history":[{"count":34,"href":"http:\/\/ise.endocytobiology.org\/de\/wp-json\/wp\/v2\/pages\/13\/revisions"}],"predecessor-version":[{"id":520,"href":"http:\/\/ise.endocytobiology.org\/de\/wp-json\/wp\/v2\/pages\/13\/revisions\/520"}],"up":[{"embeddable":true,"href":"http:\/\/ise.endocytobiology.org\/de\/wp-json\/wp\/v2\/pages\/7"}],"wp:attachment":[{"href":"http:\/\/ise.endocytobiology.org\/de\/wp-json\/wp\/v2\/media?parent=13"}],"curies":[{"name":"wp","href":"https:\/\/api.w.org\/{rel}","templated":true}]}}